{"id":132,"date":"2020-02-17T12:41:17","date_gmt":"2020-02-17T09:41:17","guid":{"rendered":"https:\/\/docdrmuratkaya.com.tr\/about\/"},"modified":"2025-08-15T18:26:45","modified_gmt":"2025-08-15T15:26:45","slug":"hakkimda","status":"publish","type":"page","link":"https:\/\/docdrmuratkaya.com.tr\/en\/about\/","title":{"rendered":"About me"},"content":{"rendered":"<div data-elementor-type=\"wp-page\" data-elementor-id=\"132\" class=\"elementor elementor-132\">\n\t\t\t\t\t\t\t\t\t<section class=\"elementor-section elementor-top-section elementor-element elementor-element-115bbfe elementor-section-content-middle elementor-reverse-tablet elementor-reverse-mobile elementor-section-boxed elementor-section-height-default elementor-section-height-default\" data-id=\"115bbfe\" data-element_type=\"section\">\n\t\t\t\t\t\t<div class=\"elementor-container elementor-column-gap-no\">\n\t\t\t\t\t<div class=\"aux-parallax-section elementor-column elementor-col-50 elementor-top-column elementor-element elementor-element-08edd72 aux-appear-watch-animation aux-fade-in-right\" data-id=\"08edd72\" data-element_type=\"column\">\n\t\t\t<div class=\"elementor-widget-wrap elementor-element-populated\">\n\t\t\t\t\t\t\t\t<div class=\"elementor-element elementor-element-70a8afe aux-appear-watch-animation aux-fade-in-up elementor-widget elementor-widget-aux_modern_heading\" data-id=\"70a8afe\" data-element_type=\"widget\" data-widget_type=\"aux_modern_heading.default\">\n\t\t\t\t<div class=\"elementor-widget-container\">\n\t\t\t<section class=\"aux-widget-modern-heading\">\n            <div class=\"aux-widget-inner\"><h1 class=\"aux-modern-heading-primary\"><\/h1><h2 class=\"aux-modern-heading-secondary\"><span class=\"aux-head-highlight\">Pediatric Orthopedic Surgeon<\/span><span class=\"aux-head-after\"><br>Pediatric Orthopedic Specialist<\/span><\/h2><div class=\"aux-modern-heading-description\"><p style=\"text-align: justify\">After graduating from Adnan Menderes University Faculty of Medicine, he completed his Orthopedics and Traumatology Specialization training at Trakya University. Working in the Pediatric Orthopedics and Deformity Clinic, Kaya received her diploma and became an active member of the European Pediatric Orthopedics Association. He is also an active member of ASAM\u0130-T\u00fcrk, Pediatric Orthopedics Association, and AO Alumni Association. He received training in Poland as an observer on Periacetabular Osteotomies. He was entitled to receive the title of Associate Professor in 2023.<\/p><\/div><\/div>\n        <\/section>\t\t<\/div>\n\t\t\t\t<\/div>\n\t\t\t\t<div class=\"elementor-element elementor-element-dd0c7a4 elementor-widget elementor-widget-aux_divider\" data-id=\"dd0c7a4\" data-element_type=\"widget\" data-widget_type=\"aux_divider.default\">\n\t\t\t\t<div class=\"elementor-widget-container\">\n\t\t\t<hr class=\"aux-divider-center aux-divider-medium aux-divider-align-left\" >\t\t<\/div>\n\t\t\t\t<\/div>\n\t\t\t\t<div class=\"elementor-element elementor-element-0ffa91e aux-appear-watch-animation aux-fade-in-up hakkimizda-dernekler elementor-widget elementor-widget-text-editor\" data-id=\"0ffa91e\" data-element_type=\"widget\" data-widget_type=\"text-editor.default\">\n\t\t\t\t<div class=\"elementor-widget-container\">\n\t\t\t\t\t\t\t<h4>Associations of which he is a member<\/h4><ul><li>Turkish Orthopedics and Traumatology Association (TOTB\u0130D)<\/li><li>European Pediatric Orthopedic Society (EPOS)<\/li><li>Pediatric Orthopedics Association (\u00c7OD)<\/li><li>ASAMI-TURK<\/li><li>Alumni Organization Trauma Association (AODER)<\/li><li>Turkish Orthopedics and Traumatology Training Council (TOTEK)<\/li><li>AO Alumni Association<\/li><\/ul>\t\t\t\t\t\t<\/div>\n\t\t\t\t<\/div>\n\t\t\t\t<div class=\"elementor-element elementor-element-0a12f96 elementor-widget elementor-widget-aux_divider\" data-id=\"0a12f96\" data-element_type=\"widget\" data-widget_type=\"aux_divider.default\">\n\t\t\t\t<div class=\"elementor-widget-container\">\n\t\t\t<hr class=\"aux-divider-center aux-divider-medium aux-divider-align-left\" >\t\t<\/div>\n\t\t\t\t<\/div>\n\t\t\t\t\t<\/div>\n\t\t<\/div>\n\t\t\t\t<div class=\"aux-parallax-section elementor-column elementor-col-50 elementor-top-column elementor-element elementor-element-b16b5b4\" data-id=\"b16b5b4\" data-element_type=\"column\">\n\t\t\t<div class=\"elementor-widget-wrap elementor-element-populated\">\n\t\t\t\t\t\t\t\t<div class=\"elementor-element elementor-element-29ba840 aux-appear-watch-animation aux-fade-in-up elementor-widget elementor-widget-aux_image\" data-id=\"29ba840\" data-element_type=\"widget\" data-widget_type=\"aux_image.default\">\n\t\t\t\t<div class=\"elementor-widget-container\">\n\t\t\t<section class=\"widget-container aux-widget-image aux-alignnone aux-parent-aud74b3fd3\">\n    <div class=\"aux-media-hint-frame\">\n        <div class=\"aux-media-image\" >\n        \n            \n\n            \n            <img decoding=\"async\" src=\"https:\/\/docdrmuratkaya.com.tr\/wp-content\/uploads\/2025\/08\/doc-dr-murat-kaya-hakkimda-001.png\" alt=\"doc-dr-murat-kaya-hakkimda-001\" title=\"\">            \n                <\/div>\n    <\/div>\n\n<\/section><!-- widget-container -->\t\t<\/div>\n\t\t\t\t<\/div>\n\t\t\t\t<div class=\"elementor-element elementor-element-ded951d elementor-widget elementor-widget-aux_simple_svg\" data-id=\"ded951d\" data-element_type=\"widget\" data-widget_type=\"aux_simple_svg.default\">\n\t\t\t\t<div class=\"elementor-widget-container\">\n\t\t\t    <div class=\"aux-widget-container aux-simple-svg-container\">\n        <div class=\"aux-widget-container-inner\">\n            <div class=\"aux-the-svg\"><svg xmlns=\"http:\/\/www.w3.org\/2000\/svg\" width=\"340.356\" height=\"552.315\" viewbox=\"0 0 340.356 552.315\"><defs><filter id=\"Path_66\" x=\"228.393\" y=\"0\" width=\"88.783\" height=\"88.783\"><\/filter><filter id=\"Subtraction_15\" x=\"70.845\" y=\"100.442\" width=\"171.007\" height=\"171.008\"><\/filter><\/defs><g id=\"subfooter_element\" transform=\"translate(-139.974 -6126.97)\"><g transform=\"matrix(1, 0, 0, 1, 139.97, 6126.97)\"><path id=\"Path_66-2\" d=\"M9.892,0A9.892,9.892,0,1,1,0,9.892,9.892,9.892,0,0,1,9.892,0Z\" transform=\"translate(262.89 31.5)\" fill=\"#1B75BB\" \/><\/g><path id=\"Path_38\" d=\"M55.151,0A55.151,55.151,0,1,1,0,55.151,55.151,55.151,0,0,1,55.151,0Z\" transform=\"matrix(0.259, 0.966, -0.966, 0.259, 451.782, 6344.727)\" fill=\"#1B75BB\" opacity=\"0.33\" \/><path id=\"Path_41\" d=\"M17.874,0A17.874,17.874,0,1,1,0,17.874,17.874,17.874,0,0,1,17.874,0Z\" transform=\"matrix(0.259, 0.966, -0.966, 0.259, 174.504, 6635.503)\" fill=\"#fff\" opacity=\"0.33\" \/><g transform=\"matrix(1, 0, 0, 1, 139.97, 6126.97)\"><path id=\"Subtraction_15-2\" d=\"M41.645,83.288A41.655,41.655,0,0,1,25.435,3.272a41.655,41.655,0,0,1,32.42,76.743A41.384,41.384,0,0,1,41.645,83.288Zm0-56.877A15.233,15.233,0,1,0,56.878,41.644,15.25,15.25,0,0,0,41.645,26.411Z\" transform=\"matrix(0.26, 0.97, -0.97, 0.26, 185.8, 131.94)\" fill=\"#1BBBAE\" \/><\/g><\/g><\/svg><\/div>\n        <\/div>\n    <\/div>\n    \t\t<\/div>\n\t\t\t\t<\/div>\n\t\t\t\t<div class=\"aux-scroll-anim elementor-element elementor-element-304d3e2 elementor-widget elementor-widget-aux_simple_svg\" data-move-in=\"\" data-move-out=\"moveVertical\" data-axis-x=\"50\" data-axis-y=\"-50\" data-rotate=\"90\" data-scale=\"1\" data-vp-top=\"0.5\" data-vp-bot=\"0.5\" data-el-top=\"0.2\" data-scroll-animation-off=\"1024\" data-id=\"304d3e2\" data-element_type=\"widget\" data-widget_type=\"aux_simple_svg.default\">\n\t\t\t\t<div class=\"elementor-widget-container\">\n\t\t\t    <div class=\"aux-widget-container aux-simple-svg-container\">\n        <div class=\"aux-widget-container-inner\">\n            <div class=\"aux-the-svg\"><svg xmlns=\"http:\/\/www.w3.org\/2000\/svg\" width=\"330\" height=\"330\" viewbox=\"0 0 674 676\"><defs><lineargradient id=\"linear-gradient\" x1=\"-0.077\" y1=\"0.571\" x2=\"1.218\" y2=\"0.934\"><stop offset=\"0\" stop-color=\"#78C4FF\" \/><stop offset=\"0.498\" stop-color=\"#78C4FF\" \/><stop offset=\"1\" stop-color=\"#78C4FF\" \/><\/lineargradient><\/defs><path id=\"Subtraction_16\" d=\"M338,674a341.47,341.47,0,0,1-68.119-6.847,336.967,336.967,0,0,1,0-660.307,342.286,342.286,0,0,1,136.237,0,336.967,336.967,0,0,1,0,660.307A341.469,341.469,0,0,1,338,674Zm0-460.273c-68.175,0-123.64,55.3-123.64,123.274S269.825,460.274,338,460.274,461.639,404.974,461.639,337,406.175,213.727,338,213.727Z\" transform=\"translate(0 676) rotate(-90)\" fill=\"#78C4FF\" \/><\/svg><\/div>\n        <\/div>\n    <\/div>\n    \t\t<\/div>\n\t\t\t\t<\/div>\n\t\t\t\t<div class=\"aux-scroll-anim elementor-element elementor-element-92ceca4 elementor-widget__width-auto elementor-widget elementor-widget-aux_simple_svg\" data-move-in=\"\" data-move-out=\"moveHorizontal\" data-axis-x=\"50\" data-axis-y=\"200\" data-rotate=\"90\" data-scale=\"1\" data-vp-top=\"0.5\" data-vp-bot=\"0.5\" data-el-top=\"0.2\" data-scroll-animation-off=\"1024\" data-id=\"92ceca4\" data-element_type=\"widget\" data-widget_type=\"aux_simple_svg.default\">\n\t\t\t\t<div class=\"elementor-widget-container\">\n\t\t\t    <div class=\"aux-widget-container aux-simple-svg-container\">\n        <div class=\"aux-widget-container-inner\">\n            <div class=\"aux-the-svg\"><svg xmlns=\"http:\/\/www.w3.org\/2000\/svg\" width=\"59.916\" height=\"59.916\" viewbox=\"0 0 89.916 89.916\"><defs><filter id=\"Path_66\" x=\"0\" y=\"0\" width=\"89.916\" height=\"89.916\"><\/filter><\/defs><g transform=\"matrix(1, 0, 0, 1, 0, 0)\"><path id=\"Path_66-2\" d=\"M10.458,0A10.458,10.458,0,1,1,0,10.458,10.458,10.458,0,0,1,10.458,0Z\" transform=\"translate(34.5 31.5)\" fill=\"#78c4ff\" \/><\/g><\/svg><\/div>\n        <\/div>\n    <\/div>\n    \t\t<\/div>\n\t\t\t\t<\/div>\n\t\t\t\t<div class=\"elementor-element elementor-element-bd030df elementor-widget__width-auto elementor-widget elementor-widget-aux_simple_svg\" data-id=\"bd030df\" data-element_type=\"widget\" data-widget_type=\"aux_simple_svg.default\">\n\t\t\t\t<div class=\"elementor-widget-container\">\n\t\t\t    <div class=\"aux-widget-container aux-simple-svg-container\">\n        <div class=\"aux-widget-container-inner\">\n            <div class=\"aux-the-svg\"><svg xmlns=\"http:\/\/www.w3.org\/2000\/svg\" width=\"150.001\" height=\"150\" viewbox=\"0 0 171.001 171\"><defs><filter id=\"Orange_cyrcle\" x=\"0\" y=\"0\" width=\"171.001\" height=\"171\"><\/filter><\/defs><g transform=\"matrix(1, 0, 0, 1, 0, 0)\"><path id=\"Orange_cyrcle-2\" d=\"M51,0A51.377,51.377,0,0,0,40.722,1.036,50.72,50.72,0,0,0,22.485,8.71,51.149,51.149,0,0,0,4.008,31.149a50.744,50.744,0,0,0-2.972,9.573,51.5,51.5,0,0,0,0,20.557A50.721,50.721,0,0,0,8.71,79.515,51.149,51.149,0,0,0,31.149,97.993a50.742,50.742,0,0,0,9.573,2.972,51.5,51.5,0,0,0,20.557,0,50.72,50.72,0,0,0,18.236-7.674A51.149,51.149,0,0,0,97.992,70.852a50.744,50.744,0,0,0,2.972-9.573,51.5,51.5,0,0,0,0-20.557A50.722,50.722,0,0,0,93.29,22.486,51.149,51.149,0,0,0,70.852,4.008a50.743,50.743,0,0,0-9.573-2.972A51.377,51.377,0,0,0,51,0Zm.076,69.615a18.69,18.69,0,1,1,18.69-18.69A18.711,18.711,0,0,1,51.076,69.615Z\" transform=\"translate(34.5 133.5) rotate(-90)\" fill=\"#1BBBAE\" \/><\/g><\/svg><\/div>\n        <\/div>\n    <\/div>\n    \t\t<\/div>\n\t\t\t\t<\/div>\n\t\t\t\t\t<\/div>\n\t\t<\/div>\n\t\t\t\t\t\t\t<\/div>\n\t\t<\/section>\n\t\t\t\t<section class=\"elementor-section elementor-top-section elementor-element elementor-element-66b5b07 elementor-section-boxed elementor-section-height-default elementor-section-height-default\" data-id=\"66b5b07\" data-element_type=\"section\" data-settings=\"{&quot;background_background&quot;:&quot;classic&quot;}\">\n\t\t\t\t\t\t<div class=\"elementor-container elementor-column-gap-default\">\n\t\t\t\t\t<div class=\"aux-parallax-section elementor-column elementor-col-100 elementor-top-column elementor-element elementor-element-1f53506\" data-id=\"1f53506\" data-element_type=\"column\">\n\t\t\t<div class=\"elementor-widget-wrap elementor-element-populated\">\n\t\t\t\t\t\t\t\t<div class=\"elementor-element elementor-element-dce4c9c aux-appear-watch-animation aux-fade-in-up elementor-widget elementor-widget-aux_modern_heading\" data-id=\"dce4c9c\" data-element_type=\"widget\" data-widget_type=\"aux_modern_heading.default\">\n\t\t\t\t<div class=\"elementor-widget-container\">\n\t\t\t<section class=\"aux-widget-modern-heading\">\n            <div class=\"aux-widget-inner\"><h3 class=\"aux-modern-heading-primary\">RESUME<\/h3><div class=\"aux-modern-heading-description\"><p style=\"text-align: justify\"><img decoding=\"async\" class=\"size-full wp-image-5168 alignleft\" src=\"https:\/\/docdrmuratkaya.com.tr\/wp-content\/uploads\/2025\/08\/doc-dr-murat-kaya-hakkimda-002.png\" alt=\"\" width=\"600\" height=\"750\" title=\"\" srcset=\"https:\/\/docdrmuratkaya.com.tr\/wp-content\/uploads\/2025\/08\/doc-dr-murat-kaya-hakkimda-002.png 600w, https:\/\/docdrmuratkaya.com.tr\/wp-content\/uploads\/2025\/08\/doc-dr-murat-kaya-hakkimda-002-10x12.png 10w\" sizes=\"(max-width: 600px) 100vw, 600px\" \/>He graduated from Adnan Menderes University Faculty of Medicine in 2009. Then, in 2015, he completed his specialist training at Trakya University, Department of Orthopedics and Traumatology. After completing his compulsory service at Y\u00fcksekova State Hospital in 2015-2016, he worked as a specialist physician at Tekirda\u011f Private \u0130rmet Hospital between 2016-2018. While working as a specialist physician at Fatih Sultan Mehmet Training and Research Hospital between 2018 and 2019, he successfully completed the Turkish Orthopedics and Traumatology Education Council (TOTEK) Board Exam. He worked at the Pediatric Orthopedics and Deformity Clinic at Marmara University Pendik Training and Research Hospital between 2019-2023. He was entitled to receive the title of Associate Professor in 2023.<\/p><p style=\"text-align: justify\">Between 2018-2019, he received post-specialty training on &#039;Pediatric Orthopedics and Deformity Treatments&#039; at Baltaliman\u0131 Metin Sabanc\u0131 Bone Diseases Training and Research Hospital. For a while in 2021, one of the former EPOS presidents, Prof. Dr. He was an observer on &#039;Periacetabular Osteotomies&#039; at Jaroslaw Czubak&#039;s Clinic in Poland. Between 2023 and 2024, he worked at Dror Paley&#039;s clinic in Florida for 1 week for &#039;Congenital Femoral Insufficiency, Fibular and Tibial Hemimelia, Congenital Tibia Pseudoarthrosis&#039;. I had the opportunity to receive live surgical training on the subject. Between 2019 and 2022, he completed the triple basic training series organized by the European Pediatric Orthopedic Society (EPOS) in Vienna and received his Pediatric Orthopedics Training Diploma and became an active member of the European Pediatric Orthopedic Association. He is also an active member of ASAM\u0130-T\u00fcrk, Pediatric Orthopedics Association, and AO Alumni Association.<\/p><p style=\"text-align: justify\">His areas of interest are all diseases within the field of Pediatric Orthopedics such as Congenital Hip Dislocation (Developmental Hip Dysplasia), Hip Bone Dislocation (Perthes), Slipped Hip Bone (Slipped Capitis Femoris), Congenital Clubfoot (Pes Equiuino Varus) and Flat Foot (Pes Planus). . Hip-Knee-Ankle deformities (Lower Extremity Deformity), Bone Deficiencies in the Legs and Arms (Fibular-Tibial Hemimelia), Absences of the Thigh Bone (Proximal Focal Femoral Deficiencies), Extremity Length Discrepancies and Shortnesses in the Hand and Foot Bones (Brachymetacarpia). -All diseases that fall within the field of Deformity (Deformity Surgery) such as Brachymetatarsy), Nonunions (Pseudoarthroses). His areas of interest include all children with special needs such as Spina Bifida, Cerebral Palsy, Achondroplasia and Mucopolysaccharidosis, who require orthopedic treatment.<\/p><p style=\"text-align: justify\">He has 23 original articles published in local and foreign journals, authored 4 book chapters and many oral presentations. He has attended 27 domestic and international courses, 16 congresses and 7 scientific meetings where he attended as an invited speaker.<\/p><\/div><\/div>\n        <\/section>\t\t<\/div>\n\t\t\t\t<\/div>\n\t\t\t\t\t<\/div>\n\t\t<\/div>\n\t\t\t\t\t\t\t<\/div>\n\t\t<\/section>\n\t\t\t\t<section class=\"elementor-section elementor-top-section elementor-element elementor-element-b7101be elementor-section-boxed elementor-section-height-default elementor-section-height-default\" data-id=\"b7101be\" data-element_type=\"section\" data-settings=\"{&quot;background_background&quot;:&quot;classic&quot;}\">\n\t\t\t\t\t\t<div class=\"elementor-container elementor-column-gap-default\">\n\t\t\t\t\t<div class=\"aux-parallax-section elementor-column elementor-col-100 elementor-top-column elementor-element elementor-element-29df1be\" data-id=\"29df1be\" data-element_type=\"column\">\n\t\t\t<div class=\"elementor-widget-wrap elementor-element-populated\">\n\t\t\t\t\t\t\t\t<div class=\"elementor-element elementor-element-b842203 elementor-widget elementor-widget-heading\" data-id=\"b842203\" data-element_type=\"widget\" data-widget_type=\"heading.default\">\n\t\t\t\t<div class=\"elementor-widget-container\">\n\t\t\t<h3 class=\"elementor-heading-title elementor-size-default\">Associations of which he is a member<\/h3>\t\t<\/div>\n\t\t\t\t<\/div>\n\t\t\t\t<div class=\"elementor-element elementor-element-0330499 elementor-widget elementor-widget-image-carousel\" data-id=\"0330499\" data-element_type=\"widget\" data-settings=\"{&quot;slides_to_show&quot;:&quot;6&quot;,&quot;navigation&quot;:&quot;none&quot;,&quot;autoplay_speed&quot;:2000,&quot;speed&quot;:1000,&quot;autoplay&quot;:&quot;yes&quot;,&quot;pause_on_hover&quot;:&quot;yes&quot;,&quot;pause_on_interaction&quot;:&quot;yes&quot;,&quot;infinite&quot;:&quot;yes&quot;,&quot;image_spacing_custom&quot;:{&quot;unit&quot;:&quot;px&quot;,&quot;size&quot;:20,&quot;sizes&quot;:[]},&quot;image_spacing_custom_tablet&quot;:{&quot;unit&quot;:&quot;px&quot;,&quot;size&quot;:&quot;&quot;,&quot;sizes&quot;:[]},&quot;image_spacing_custom_mobile&quot;:{&quot;unit&quot;:&quot;px&quot;,&quot;size&quot;:&quot;&quot;,&quot;sizes&quot;:[]}}\" data-widget_type=\"image-carousel.default\">\n\t\t\t\t<div class=\"elementor-widget-container\">\n\t\t\t\t\t<div class=\"elementor-image-carousel-wrapper swiper-container\" dir=\"ltr\">\n\t\t\t<div class=\"elementor-image-carousel swiper-wrapper\" aria-live=\"off\">\n\t\t\t\t\t\t\t\t<div class=\"swiper-slide\" role=\"group\" aria-roledescription=\"slide\" aria-label=\"1 of 6\"><figure class=\"swiper-slide-inner\"><img decoding=\"async\" class=\"swiper-slide-image\" src=\"https:\/\/docdrmuratkaya.com.tr\/wp-content\/uploads\/2023\/12\/totbid-dernegi.png\" alt=\"totbid association\" title=\"\"><\/figure><\/div><div class=\"swiper-slide\" role=\"group\" aria-roledescription=\"slide\" aria-label=\"2 of 6\"><figure class=\"swiper-slide-inner\"><img decoding=\"async\" class=\"swiper-slide-image\" src=\"https:\/\/docdrmuratkaya.com.tr\/wp-content\/uploads\/2023\/12\/epos-dernegi.png\" alt=\"epos association\" title=\"\"><\/figure><\/div><div class=\"swiper-slide\" role=\"group\" aria-roledescription=\"slide\" aria-label=\"3 of 6\"><figure class=\"swiper-slide-inner\"><img decoding=\"async\" class=\"swiper-slide-image\" src=\"https:\/\/docdrmuratkaya.com.tr\/wp-content\/uploads\/2023\/12\/cod-dernegi.png\" alt=\"chod association\" title=\"\"><\/figure><\/div><div class=\"swiper-slide\" role=\"group\" aria-roledescription=\"slide\" aria-label=\"4 of 6\"><figure class=\"swiper-slide-inner\"><img decoding=\"async\" class=\"swiper-slide-image\" src=\"https:\/\/docdrmuratkaya.com.tr\/wp-content\/uploads\/2023\/12\/asami-turk-dernegi.png\" alt=\"asami turkish association\" title=\"\"><\/figure><\/div><div class=\"swiper-slide\" role=\"group\" aria-roledescription=\"slide\" aria-label=\"5 of 6\"><figure class=\"swiper-slide-inner\"><img decoding=\"async\" class=\"swiper-slide-image\" src=\"https:\/\/docdrmuratkaya.com.tr\/wp-content\/uploads\/2023\/12\/aoder-dernegi.png\" alt=\"aoder association\" title=\"\"><\/figure><\/div><div class=\"swiper-slide\" role=\"group\" aria-roledescription=\"slide\" aria-label=\"6 of 6\"><figure class=\"swiper-slide-inner\"><img decoding=\"async\" class=\"swiper-slide-image\" src=\"https:\/\/docdrmuratkaya.com.tr\/wp-content\/uploads\/2023\/12\/totek-dernegi.png\" alt=\"totek association\" title=\"\"><\/figure><\/div>\t\t\t<\/div>\n\t\t\t\t\t\t\t\n\t\t\t\t\t\t\t\t\t<\/div>\n\t\t\t\t<\/div>\n\t\t\t\t<\/div>\n\t\t\t\t\t<\/div>\n\t\t<\/div>\n\t\t\t\t\t\t\t<\/div>\n\t\t<\/section>\n\t\t\t\t\t\t\t<\/div>","protected":false},"excerpt":{"rendered":"<p>\u00c7ocuk Ortopedi Cerrah\u0131Pediatrik Ortopedi Uzman\u0131 Adnan Menderes \u00dcniversitesi T\u0131p Fak\u00fcltesi&#8217;nden mezun olduktan sonra Trakya \u00dcniversitesi&#8217;nde Ortopedi ve Travmatoloji Uzmanl\u0131k e\u011fitimini tamamlad\u0131. \u00c7ocuk Ortopedisi ve Deformite Klini\u011fi&#8217;nde \u00e7al\u0131\u015fan Kaya, Avrupa \u00c7ocuk Ortopedisi Derne\u011fi&#8217;nin diplomas\u0131n\u0131 alarak aktif \u00fcyesi oldu. Ayr\u0131ca ASAM\u0130-T\u00fcrk, \u00c7ocuk Ortopedisi Derne\u011fi, AO Mezunlar\u0131 Derne\u011fi&#8217;nin aktif \u00fcyesidir. Periasetabular Osteotomiler \u00fczerine g\u00f6zlemci olarak Polonya&#8217;da e\u011fitim ald\u0131. [&hellip;]<\/p>","protected":false},"author":1,"featured_media":0,"parent":0,"menu_order":0,"comment_status":"closed","ping_status":"closed","template":"templates\/page-builder-content.php","meta":{"footnotes":""},"class_list":["post-132","page","type-page","status-publish","hentry"],"_links":{"self":[{"href":"https:\/\/docdrmuratkaya.com.tr\/en\/wp-json\/wp\/v2\/pages\/132","targetHints":{"allow":["GET"]}}],"collection":[{"href":"https:\/\/docdrmuratkaya.com.tr\/en\/wp-json\/wp\/v2\/pages"}],"about":[{"href":"https:\/\/docdrmuratkaya.com.tr\/en\/wp-json\/wp\/v2\/types\/page"}],"author":[{"embeddable":true,"href":"https:\/\/docdrmuratkaya.com.tr\/en\/wp-json\/wp\/v2\/users\/1"}],"replies":[{"embeddable":true,"href":"https:\/\/docdrmuratkaya.com.tr\/en\/wp-json\/wp\/v2\/comments?post=132"}],"version-history":[{"count":24,"href":"https:\/\/docdrmuratkaya.com.tr\/en\/wp-json\/wp\/v2\/pages\/132\/revisions"}],"predecessor-version":[{"id":5174,"href":"https:\/\/docdrmuratkaya.com.tr\/en\/wp-json\/wp\/v2\/pages\/132\/revisions\/5174"}],"wp:attachment":[{"href":"https:\/\/docdrmuratkaya.com.tr\/en\/wp-json\/wp\/v2\/media?parent=132"}],"curies":[{"name":"wp","href":"https:\/\/api.w.org\/{rel}","templated":true}]}}